{"id":6,"date":"2016-06-14T20:22:07","date_gmt":"2016-06-14T18:22:07","guid":{"rendered":"http:\/\/www.sbpack.de\/?page_id=6"},"modified":"2016-09-16T11:17:54","modified_gmt":"2016-09-16T09:17:54","slug":"ueber-uns","status":"publish","type":"page","link":"http:\/\/www.sbpack.de\/index.php\/ueber-uns\/","title":{"rendered":"\u00dcber uns"},"content":{"rendered":"<h3>\u00a0<img loading=\"lazy\" class=\"alignnone wp-image-208\" src=\"http:\/\/www.sbpack.de\/wp-content\/uploads\/2016\/06\/Space-50.jpg\" alt=\"Space 50\" width=\"33\" height=\"33\" \/><\/h3>\n<h3>\u00a0PROFIL DURCH QUALIT\u00c4T UND FLEXIBILIT\u00c4T:<\/h3>\n<p>Erfahrung, Qualit\u00e4t, Termintreue und flexible Abwicklung sind unser Kapital. Vertrauen Sie Spezialisten in Sachen Maschinenmesser, Verpackungstechnik, Formatwerzeugbau, Formschalen, F\u00f6rdertechnik und Ersatzteilen.<\/p>\n<p><img loading=\"lazy\" class=\"alignnone wp-image-208\" src=\"http:\/\/www.sbpack.de\/wp-content\/uploads\/2016\/06\/Space-50.jpg\" alt=\"Space 50\" width=\"13\" height=\"19\" \/><\/p>\n<h3>KOMPETENZ DURCH ERFAHRUNG UND KNOW-HOW:<\/h3>\n<p>Seit \u00fcber 15 Jahren sind wir ein leistungsf\u00e4higer Hersteller von individuell ausgelegten Systemkomponenten.<br \/>\nHeute bestimmen fachgerechte Arbeit in Verbindung mit termingerechter Lieferung, Qualit\u00e4t und Service \u00fcber das Fortbestehen von Unternehmen. Deshalb sind gute Zulieferer n\u00fctzlicher als je zuvor geworden, die als Ihr Partner bei Probleml\u00f6sungen mit neuen Ideen und dem entsprechenden &#8222;Know-how&#8220;\u00a0an Ihrer Seite stehen.<\/p>\n<p><img loading=\"lazy\" class=\"alignnone wp-image-208\" src=\"http:\/\/www.sbpack.de\/wp-content\/uploads\/2016\/06\/Space-50.jpg\" alt=\"Space 50\" width=\"13\" height=\"19\" \/><\/p>\n","protected":false},"excerpt":{"rendered":"<p>\u00a0 \u00a0PROFIL DURCH QUALIT\u00c4T UND FLEXIBILIT\u00c4T: Erfahrung, Qualit\u00e4t, Termintreue und flexible Abwicklung sind unser Kapital. Vertrauen Sie Spezialisten in Sachen Maschinenmesser, Verpackungstechnik, Formatwerzeugbau, Formschalen, F\u00f6rdertechnik und Ersatzteilen. KOMPETENZ DURCH ERFAHRUNG UND KNOW-HOW: Seit \u00fcber 15 Jahren sind wir ein leistungsf\u00e4higer Hersteller von individuell ausgelegten Systemkomponenten. Heute bestimmen fachgerechte Arbeit in Verbindung mit termingerechter Lieferung, Qualit\u00e4t [&hellip;]<\/p>\n","protected":false},"author":1,"featured_media":0,"parent":0,"menu_order":0,"comment_status":"closed","ping_status":"closed","template":"templates\/template-full.php","meta":[],"_links":{"self":[{"href":"http:\/\/www.sbpack.de\/index.php\/wp-json\/wp\/v2\/pages\/6"}],"collection":[{"href":"http:\/\/www.sbpack.de\/index.php\/wp-json\/wp\/v2\/pages"}],"about":[{"href":"http:\/\/www.sbpack.de\/index.php\/wp-json\/wp\/v2\/types\/page"}],"author":[{"embeddable":true,"href":"http:\/\/www.sbpack.de\/index.php\/wp-json\/wp\/v2\/users\/1"}],"replies":[{"embeddable":true,"href":"http:\/\/www.sbpack.de\/index.php\/wp-json\/wp\/v2\/comments?post=6"}],"version-history":[{"count":20,"href":"http:\/\/www.sbpack.de\/index.php\/wp-json\/wp\/v2\/pages\/6\/revisions"}],"predecessor-version":[{"id":415,"href":"http:\/\/www.sbpack.de\/index.php\/wp-json\/wp\/v2\/pages\/6\/revisions\/415"}],"wp:attachment":[{"href":"http:\/\/www.sbpack.de\/index.php\/wp-json\/wp\/v2\/media?parent=6"}],"curies":[{"name":"wp","href":"https:\/\/api.w.org\/{rel}","templated":true}]}}